{"id":882,"date":"2025-02-13T12:54:46","date_gmt":"2025-02-13T11:54:46","guid":{"rendered":"https:\/\/www.sanjuanikastetxea.eus\/mision-vision-y-valores\/"},"modified":"2026-03-24T15:50:10","modified_gmt":"2026-03-24T14:50:10","slug":"misioa-ikuspegia-eta-balioak","status":"publish","type":"page","link":"https:\/\/www.sanjuanikastetxea.eus\/eu\/misioa-ikuspegia-eta-balioak\/","title":{"rendered":"Misioa, Ikuspegia eta Baloreak"},"content":{"rendered":"<div class=\"wpb-content-wrapper\"><p>[vc_row dfd_row_config=&#8221;full_width_content&#8221; css=&#8221;.vc_custom_1733847791688{border-top-width: 4px !important;padding-top: 40px !important;padding-bottom: 40px !important;background-position: center !important;background-repeat: no-repeat !important;background-size: cover !important;border-top-style: solid !important;border-color: #0065AE !important;}&#8221;][vc_column col_shadow=&#8221;box_shadow_enable:disable|shadow_horizontal:0|shadow_vertical:15|shadow_blur:50|shadow_spread:0|box_shadow_color:rgba(0%2C0%2C0%2C.35)&#8221; col_shadow_hover=&#8221;box_shadow_enable:disable|shadow_horizontal:0|shadow_vertical:15|shadow_blur:50|shadow_spread:0|box_shadow_color:rgba(0%2C0%2C0%2C.35)&#8221;]<div class=\"dfd-heading-shortcode\"><div class=\"dfd-heading-module-wrap  text-center style_01 dfd-heading-69f66bebf3caf dfd-disable-resposive-headings\" id=\"dfd-heading-69f66bebf3caf\" ><div class=\"inline-block\"><div class=\"dfd-heading-module\"><h1 class=\"widget-title dfd-title \" style=\"font-size: 50px; color: #0065ae !important; line-height: 58px; \">MISIOA, IKUSPEGIA ETA BALIOAK<\/h1><\/div><\/div><\/div><script type=\"text\/javascript\">\n\t\t\t\t\t\t\t\t\t(function($) {\n\t\t\t\t\t\t\t\t\t\t$(\"head\").append(\"<style>.dfd-heading-69f66bebf3caf.dfd-heading-module-wrap .dfd-heading-module .dfd-heading-delimiter {margin-top:10px;margin-bottom:10px;}<\/style>\");\n\t\t\t\t\t\t\t\t\t})(jQuery);\n\t\t\t\t\t\t\t\t<\/script><\/div>[\/vc_column][\/vc_row][vc_row force_equal_height_columns=&#8221;main_row&#8221; dfd_row_config=&#8221;full_width_content&#8221; mobile_destroy_equal_heights=&#8221;yes&#8221; css=&#8221;.vc_custom_1739464853450{padding-right: 5% !important;padding-left: 5% !important;}&#8221;][vc_column width=&#8221;1\/2&#8243; column_bg_position=&#8221;center top&#8221; css=&#8221;.vc_custom_1739465022946{padding-top: 20px !important;padding-right: 5% !important;padding-bottom: 20px !important;padding-left: 5% !important;background-position: center !important;background-repeat: no-repeat !important;background-size: cover !important;}&#8221; col_shadow=&#8221;box_shadow_enable:disable|shadow_horizontal:0|shadow_vertical:15|shadow_blur:50|shadow_spread:0|box_shadow_color:rgba(0%2C0%2C0%2C.35)&#8221; col_shadow_hover=&#8221;box_shadow_enable:disable|shadow_horizontal:0|shadow_vertical:15|shadow_blur:50|shadow_spread:0|box_shadow_color:rgba(0%2C0%2C0%2C.35)&#8221;]<div id=\"dfd-single-image-module69f66bec00152-6212\" class=\"dfd-single-image-module  image-center \" ><img loading=\"lazy\" decoding=\"async\" src=\"https:\/\/www.sanjuanikastetxea.eus\/wp-content\/uploads\/2025\/02\/mision-san-juan.jpg\" width=\"900\" height=\"910\"  alt=\"Image module\" \/><\/div>[\/vc_column][vc_column width=&#8221;1\/2&#8243; column_bg_position=&#8221;center top&#8221; css=&#8221;.vc_custom_1739465031707{padding-top: 40px !important;padding-right: 40px !important;padding-bottom: 40px !important;padding-left: 40px !important;background-position: center !important;background-repeat: no-repeat !important;background-size: cover !important;}&#8221; col_shadow=&#8221;box_shadow_enable:disable|shadow_horizontal:0|shadow_vertical:15|shadow_blur:50|shadow_spread:0|box_shadow_color:rgba(0%2C0%2C0%2C.35)&#8221; col_shadow_hover=&#8221;box_shadow_enable:disable|shadow_horizontal:0|shadow_vertical:15|shadow_blur:50|shadow_spread:0|box_shadow_color:rgba(0%2C0%2C0%2C.35)&#8221;]<div class=\"dfd-heading-shortcode\"><div class=\"dfd-heading-module-wrap  text-left style_01 dfd-heading-69f66bec00270 dfd-disable-resposive-headings\" id=\"dfd-heading-69f66bec00270\" ><div class=\"inline-block\"><div class=\"dfd-heading-module\"><h2 class=\"widget-title dfd-title \" style=\"font-size: 50px; color: #ffffff !important; line-height: 58px; \"><span style=\"color: #0065ae;\">Misioa<\/span><\/h2><\/div><\/div><\/div><script type=\"text\/javascript\">\n\t\t\t\t\t\t\t\t\t(function($) {\n\t\t\t\t\t\t\t\t\t\t$(\"head\").append(\"<style>.dfd-heading-69f66bec00270.dfd-heading-module-wrap .dfd-heading-module .dfd-heading-delimiter {margin-top:10px;margin-bottom:10px;}<\/style>\");\n\t\t\t\t\t\t\t\t\t})(jQuery);\n\t\t\t\t\t\t\t\t<\/script><\/div><div class=\"dfd-spacer-module\"  data-units=\"px\" data-wide_resolution=\"1280\" data-wide_size=\"20\" data-normal_resolution=\"1024\" data-normal_size=\"20\" data-tablet_resolution=\"800\" data-tablet_size=\"20\" data-mobile_resolution=\"480\" data-mobile_size=\"20\" style=\"height: 20px;\"><\/div>[vc_column_text css=&#8221;&#8221;]Elizbarrutiko San Juan Ikastetxean gure ikasleen heziketa integrala eta giza eta kristau baloretan sustatzea, eta Haur eta Lehen Hezkuntzan iraunkortasunaren eta ingurumenaren zaintzaren aldeko konpromiso sendoa hartzea dira gure helburu.<\/p>\n<p>Gure metodologia aktiboa eta arreta pertsonalizatua gizarte justuago eta arduratsuago bat eraikitzeko diseinatuta daude, gure planetaren eta etorkizuneko belaunaldien ongizateaz arduratuko dena.[\/vc_column_text][\/vc_column][\/vc_row][vc_row force_equal_height_columns=&#8221;main_row&#8221; dfd_row_config=&#8221;full_width_content&#8221; disable_element=&#8221;yes&#8221; mobile_destroy_equal_heights=&#8221;yes&#8221; css=&#8221;.vc_custom_1739464711881{padding-right: 40px !important;padding-left: 40px !important;}&#8221;][vc_column width=&#8221;1\/4&#8243; column_bg_position=&#8221;center top&#8221; css=&#8221;.vc_custom_1739463193062{padding-top: 10% !important;padding-right: 10% !important;padding-bottom: 10% !important;padding-left: 10% !important;background-position: center !important;background-repeat: no-repeat !important;background-size: cover !important;}&#8221; col_shadow=&#8221;box_shadow_enable:disable|shadow_horizontal:0|shadow_vertical:15|shadow_blur:50|shadow_spread:0|box_shadow_color:rgba(0%2C0%2C0%2C.35)&#8221; col_shadow_hover=&#8221;box_shadow_enable:disable|shadow_horizontal:0|shadow_vertical:15|shadow_blur:50|shadow_spread:0|box_shadow_color:rgba(0%2C0%2C0%2C.35)&#8221;][\/vc_column][vc_column width=&#8221;1\/4&#8243; column_bg_position=&#8221;center top&#8221; css=&#8221;.vc_custom_1739463388622{padding-top: 40px !important;padding-right: 5% !important;padding-bottom: 40px !important;padding-left: 20px !important;background-position: center !important;background-repeat: no-repeat !important;background-size: cover !important;}&#8221; col_shadow=&#8221;box_shadow_enable:disable|shadow_horizontal:0|shadow_vertical:15|shadow_blur:50|shadow_spread:0|box_shadow_color:rgba(0%2C0%2C0%2C.35)&#8221; col_shadow_hover=&#8221;box_shadow_enable:disable|shadow_horizontal:0|shadow_vertical:15|shadow_blur:50|shadow_spread:0|box_shadow_color:rgba(0%2C0%2C0%2C.35)&#8221;]<div id=\"dfd-single-image-module69f66bec00eae-8175\" class=\"dfd-single-image-module  image-center \" ><img loading=\"lazy\" decoding=\"async\" src=\"https:\/\/www.sanjuanikastetxea.eus\/wp-content\/uploads\/2025\/02\/sanjuan-mision.jpg\" width=\"900\" height=\"1353\"  alt=\"Image module\" \/><\/div>[\/vc_column][vc_column width=&#8221;1\/4&#8243; css=&#8221;.vc_custom_1739464678887{padding-top: 20px !important;padding-right: 20px !important;padding-bottom: 20px !important;padding-left: 20px !important;background-color: #0065AE !important;}&#8221; col_shadow=&#8221;box_shadow_enable:disable|shadow_horizontal:0|shadow_vertical:15|shadow_blur:50|shadow_spread:0|box_shadow_color:rgba(0%2C0%2C0%2C.35)&#8221; col_shadow_hover=&#8221;box_shadow_enable:disable|shadow_horizontal:0|shadow_vertical:15|shadow_blur:50|shadow_spread:0|box_shadow_color:rgba(0%2C0%2C0%2C.35)&#8221;]<div class=\"dfd-heading-shortcode\"><div class=\"dfd-heading-module-wrap  text-left style_01 dfd-heading-69f66bec00fc5 dfd-disable-resposive-headings\" id=\"dfd-heading-69f66bec00fc5\" ><div class=\"inline-block\"><div class=\"dfd-heading-module\"><h2 class=\"widget-title dfd-title \" style=\"font-size: 50px; color: #ffffff !important; line-height: 58px; \"><span style=\"color: #0065ae;\">Misi\u00f3n<\/span><\/h2><\/div><\/div><\/div><script type=\"text\/javascript\">\n\t\t\t\t\t\t\t\t\t(function($) {\n\t\t\t\t\t\t\t\t\t\t$(\"head\").append(\"<style>.dfd-heading-69f66bec00fc5.dfd-heading-module-wrap .dfd-heading-module .dfd-heading-delimiter {margin-top:10px;margin-bottom:10px;}<\/style>\");\n\t\t\t\t\t\t\t\t\t})(jQuery);\n\t\t\t\t\t\t\t\t<\/script><\/div><div class=\"dfd-spacer-module\"  data-units=\"px\" data-wide_resolution=\"1280\" data-wide_size=\"20\" data-normal_resolution=\"1024\" data-normal_size=\"20\" data-tablet_resolution=\"800\" data-tablet_size=\"20\" data-mobile_resolution=\"480\" data-mobile_size=\"20\" style=\"height: 20px;\"><\/div>[vc_column_text css=&#8221;&#8221;]En el Centro Diocesano San Juan Ikastetxea nuestra misi\u00f3n es promover la formaci\u00f3n integral y en valores humanos y cristianos de nuestro alumnado y adquirir un compromiso s\u00f3lido con la sostenibilidad y el cuidado del medio ambiente en las etapas de Educaci\u00f3n Infantil y Primaria.<\/p>\n<p>Nuestra metodolog\u00eda activa y atenci\u00f3n personalizada est\u00e1n dise\u00f1adas para la construcci\u00f3n de una sociedad m\u00e1s justa y responsable, que se preocupe por el bienestar de nuestro planeta y de las generaciones futuras.[\/vc_column_text][\/vc_column][vc_column width=&#8221;1\/4&#8243;][\/vc_column][\/vc_row][vc_row force_equal_height_columns=&#8221;main_row&#8221; dfd_row_config=&#8221;full_width_content&#8221; mobile_destroy_equal_heights=&#8221;yes&#8221; css=&#8221;.vc_custom_1739805331034{padding-right: 5% !important;padding-left: 5% !important;}&#8221;][vc_column width=&#8221;1\/3&#8243; column_bg_position=&#8221;center top&#8221; css=&#8221;.vc_custom_1739465039515{padding-top: 20px !important;padding-right: 40px !important;padding-bottom: 20px !important;padding-left: 40px !important;background-position: center !important;background-repeat: no-repeat !important;background-size: cover !important;}&#8221; col_shadow=&#8221;box_shadow_enable:disable|shadow_horizontal:0|shadow_vertical:15|shadow_blur:50|shadow_spread:0|box_shadow_color:rgba(0%2C0%2C0%2C.35)&#8221; col_shadow_hover=&#8221;box_shadow_enable:disable|shadow_horizontal:0|shadow_vertical:15|shadow_blur:50|shadow_spread:0|box_shadow_color:rgba(0%2C0%2C0%2C.35)&#8221;]<div class=\"dfd-heading-shortcode\"><div class=\"dfd-heading-module-wrap  text-left style_01 dfd-heading-69f66bec0118a dfd-disable-resposive-headings\" id=\"dfd-heading-69f66bec0118a\" ><div class=\"inline-block\"><div class=\"dfd-heading-module\"><h2 class=\"widget-title dfd-title \" style=\"font-size: 50px; color: #ffffff !important; line-height: 58px; \"><span style=\"color: #0065ae;\">Ikuspegia<\/span><\/h2><\/div><\/div><\/div><script type=\"text\/javascript\">\n\t\t\t\t\t\t\t\t\t(function($) {\n\t\t\t\t\t\t\t\t\t\t$(\"head\").append(\"<style>.dfd-heading-69f66bec0118a.dfd-heading-module-wrap .dfd-heading-module .dfd-heading-delimiter {margin-top:10px;margin-bottom:10px;}<\/style>\");\n\t\t\t\t\t\t\t\t\t})(jQuery);\n\t\t\t\t\t\t\t\t<\/script><\/div><div class=\"dfd-spacer-module\"  data-units=\"px\" data-wide_resolution=\"1280\" data-wide_size=\"20\" data-normal_resolution=\"1024\" data-normal_size=\"20\" data-tablet_resolution=\"800\" data-tablet_size=\"20\" data-mobile_resolution=\"480\" data-mobile_size=\"20\" style=\"height: 20px;\"><\/div>[vc_column_text css=&#8221;&#8221;]<strong>Kalitatearen kudeaketaren politika.<\/strong><\/p>\n<p>Gure hezkuntza-lanean liderrak izan nahi dugu, ikuspegi jasangarri batetik:<\/p>\n<ul>\n<li>Gure ikasleen gaitasunak eskuratzea sustatzen dugu, eta, aldi berean, ingurumen- eta gizarte-erantzukizuneko baloreak irakasten dizkiegu.<\/li>\n<li>Harreman hurbila dugu ikasle guztiekin eta haien familiekin, autoestimua, enpatia eta ingurumen-kontzientzia sustatuz.<\/li>\n<li>Antolaketa eta kudeaketa aurreratuari eusten ahalegintzen gara, praktika ekoeraginkorrak barne.<\/li>\n<li>Profesional trebatuen, konprometituen eta inplikatuen talde bat dugu.<\/li>\n<li>Gure Kalitatea Kudeatzeko Sistemaren eraginkortasuna etengabe hobetzeko konpromisoa hartzen dugu, gure bezeroen baldintzak eta legezko eta arauzko baldintzak betez, iraunkortasunarekin lotutakoak barne.<\/li>\n<\/ul>\n<p>[\/vc_column_text][\/vc_column][vc_column width=&#8221;1\/3&#8243; column_bg_position=&#8221;center top&#8221; css=&#8221;.vc_custom_1739464904752{padding-top: 20px !important;padding-right: 40px !important;padding-bottom: 20px !important;padding-left: 40px !important;background-position: center !important;background-repeat: no-repeat !important;background-size: cover !important;}&#8221; col_shadow=&#8221;box_shadow_enable:disable|shadow_horizontal:0|shadow_vertical:15|shadow_blur:50|shadow_spread:0|box_shadow_color:rgba(0%2C0%2C0%2C.35)&#8221; col_shadow_hover=&#8221;box_shadow_enable:disable|shadow_horizontal:0|shadow_vertical:15|shadow_blur:50|shadow_spread:0|box_shadow_color:rgba(0%2C0%2C0%2C.35)&#8221;]<div id=\"dfd-single-image-module69f66bec018b9-550\" class=\"dfd-single-image-module  image-center \" ><img loading=\"lazy\" decoding=\"async\" src=\"https:\/\/www.sanjuanikastetxea.eus\/wp-content\/uploads\/2025\/02\/sostenibilidad.jpg\" width=\"1000\" height=\"896\"  alt=\"Image module\" \/><\/div>[\/vc_column][vc_column width=&#8221;1\/3&#8243; css=&#8221;.vc_custom_1739465045489{padding-top: 20px !important;padding-right: 40px !important;padding-bottom: 20px !important;padding-left: 40px !important;}&#8221; col_shadow=&#8221;box_shadow_enable:disable|shadow_horizontal:0|shadow_vertical:15|shadow_blur:50|shadow_spread:0|box_shadow_color:rgba(0%2C0%2C0%2C.35)&#8221; col_shadow_hover=&#8221;box_shadow_enable:disable|shadow_horizontal:0|shadow_vertical:15|shadow_blur:50|shadow_spread:0|box_shadow_color:rgba(0%2C0%2C0%2C.35)&#8221;]<div class=\"dfd-heading-shortcode\"><div class=\"dfd-heading-module-wrap  text-left style_01 dfd-heading-69f66bec01a2c dfd-disable-resposive-headings\" id=\"dfd-heading-69f66bec01a2c\" ><div class=\"inline-block\"><div class=\"dfd-heading-module\"><h2 class=\"widget-title dfd-title \" style=\"font-size: 50px; color: #ffffff !important; line-height: 58px; \"><span style=\"color: #0065ae;\">Baloreak<\/span><\/h2><\/div><\/div><\/div><script type=\"text\/javascript\">\n\t\t\t\t\t\t\t\t\t(function($) {\n\t\t\t\t\t\t\t\t\t\t$(\"head\").append(\"<style>.dfd-heading-69f66bec01a2c.dfd-heading-module-wrap .dfd-heading-module .dfd-heading-delimiter {margin-top:10px;margin-bottom:10px;}<\/style>\");\n\t\t\t\t\t\t\t\t\t})(jQuery);\n\t\t\t\t\t\t\t\t<\/script><\/div><div class=\"dfd-spacer-module\"  data-units=\"px\" data-wide_resolution=\"1280\" data-wide_size=\"20\" data-normal_resolution=\"1024\" data-normal_size=\"20\" data-tablet_resolution=\"800\" data-tablet_size=\"20\" data-mobile_resolution=\"480\" data-mobile_size=\"20\" style=\"height: 20px;\"><\/div>[vc_column_text css=&#8221;&#8221;]<\/p>\n<table dir=\"ltr\" border=\"1\" cellspacing=\"0\" cellpadding=\"0\">\n<tbody>\n<tr>\n<td colspan=\"5\" rowspan=\"1\">GOGO HANDIZ ENTREGATZEA: Gure hezkuntza proiektuarekin konprometitutako talde bat osatzen dugu. Motibazioz eta eraginkortasunez lan egiten dugu, gure gizartean eta planetan inpaktu positiboa sortzeko.<\/td>\n<\/tr>\n<tr>\n<td colspan=\"5\" rowspan=\"1\">TALDEA: Ingurune beroa, familiarra eta segurua eskaintzen dugu, non ikasleak eta haien familiak harreran hartuak, entzunak eta baloratuak sentituko diren.<\/td>\n<\/tr>\n<tr>\n<td colspan=\"5\" rowspan=\"1\">ETIKA SOZIALA: tolerantzia, sentsibilitatea, errespetua, bizikidetza baketsua eta inklusioa garatzen ditugu gizarte plural baten barruan.<\/td>\n<\/tr>\n<tr>\n<td colspan=\"5\" rowspan=\"1\">ESPLORAZIOA ETA BILAKAERA: hezkuntza sortzaile eta gaur-gaurkoaren aldeko apustua egiten dugu, jakin-mina eta ikaskuntza esanguratsua sustatuz.<\/td>\n<\/tr>\n<tr>\n<td colspan=\"5\" rowspan=\"1\">ENTZUTEA ETA ENPATIA: oreka emozionala, autoestimua eta garapen emozionala zaintzen ditugu lehen etapetatik.<\/td>\n<\/tr>\n<tr>\n<td colspan=\"5\" rowspan=\"1\">BIKAINTASUNA: Bikaintasuna eta kalitatea bilatzen ditugu, berotasunez.<\/td>\n<\/tr>\n<\/tbody>\n<\/table>\n<p>[\/vc_column_text][\/vc_column][\/vc_row]<\/p>\n<\/div>","protected":false},"excerpt":{"rendered":"<p>[vc_row dfd_row_config=&#8221;full_width_content&#8221; css=&#8221;.vc_custom_1733847791688{border-top-width: 4px !important;padding-top: 40px !important;padding-bottom: 40px !important;background-position: center !important;background-repeat: no-repeat !important;background-size: cover !important;border-top-style: solid !important;border-color: #0065AE !important;}&#8221;][vc_column col_shadow=&#8221;box_shadow_enable:disable|shadow_horizontal:0|shadow_vertical:15|shadow_blur:50|shadow_spread:0|box_shadow_color:rgba(0%2C0%2C0%2C.35)&#8221; col_shadow_hover=&#8221;box_shadow_enable:disable|shadow_horizontal:0|shadow_vertical:15|shadow_blur:50|shadow_spread:0|box_shadow_color:rgba(0%2C0%2C0%2C.35)&#8221;][\/vc_column][\/vc_row][vc_row force_equal_height_columns=&#8221;main_row&#8221; dfd_row_config=&#8221;full_width_content&#8221; mobile_destroy_equal_heights=&#8221;yes&#8221; css=&#8221;.vc_custom_1739464853450{padding-right: 5% !important;padding-left: 5% !important;}&#8221;][vc_column width=&#8221;1\/2&#8243;<\/p>\n","protected":false},"author":1,"featured_media":0,"parent":0,"menu_order":0,"comment_status":"closed","ping_status":"closed","template":"page-custom.php","meta":{"footnotes":""},"class_list":["post-882","page","type-page","status-publish","hentry"],"_links":{"self":[{"href":"https:\/\/www.sanjuanikastetxea.eus\/eu\/wp-json\/wp\/v2\/pages\/882","targetHints":{"allow":["GET"]}}],"collection":[{"href":"https:\/\/www.sanjuanikastetxea.eus\/eu\/wp-json\/wp\/v2\/pages"}],"about":[{"href":"https:\/\/www.sanjuanikastetxea.eus\/eu\/wp-json\/wp\/v2\/types\/page"}],"author":[{"embeddable":true,"href":"https:\/\/www.sanjuanikastetxea.eus\/eu\/wp-json\/wp\/v2\/users\/1"}],"replies":[{"embeddable":true,"href":"https:\/\/www.sanjuanikastetxea.eus\/eu\/wp-json\/wp\/v2\/comments?post=882"}],"version-history":[{"count":9,"href":"https:\/\/www.sanjuanikastetxea.eus\/eu\/wp-json\/wp\/v2\/pages\/882\/revisions"}],"predecessor-version":[{"id":39084,"href":"https:\/\/www.sanjuanikastetxea.eus\/eu\/wp-json\/wp\/v2\/pages\/882\/revisions\/39084"}],"wp:attachment":[{"href":"https:\/\/www.sanjuanikastetxea.eus\/eu\/wp-json\/wp\/v2\/media?parent=882"}],"curies":[{"name":"wp","href":"https:\/\/api.w.org\/{rel}","templated":true}]}}