{"id":643,"date":"2024-12-17T22:24:25","date_gmt":"2024-12-17T21:24:25","guid":{"rendered":"https:\/\/www.sanjuanikastetxea.eus\/aviso-legal\/"},"modified":"2024-12-17T22:26:03","modified_gmt":"2024-12-17T21:26:03","slug":"aviso-legal","status":"publish","type":"page","link":"https:\/\/www.sanjuanikastetxea.eus\/eu\/aviso-legal\/","title":{"rendered":"Aviso legal"},"content":{"rendered":"<div class=\"wpb-content-wrapper\"><p>[vc_row][vc_column]<div class=\"dfd-heading-shortcode\"><div class=\"dfd-heading-module-wrap  text-left style_01 dfd-heading-69f73dc006e30 dfd-disable-resposive-headings\" id=\"dfd-heading-69f73dc006e30\" ><div class=\"inline-block\"><div class=\"dfd-heading-module\"><h1 class=\"widget-title dfd-title \" style=\"\"><\/p>\r\n<p>Aviso legal<\/p>\r\n<p><\/h1><\/div><\/div><\/div><script type=\"text\/javascript\">\n\t\t\t\t\t\t\t\t\t(function($) {\n\t\t\t\t\t\t\t\t\t\t$(\"head\").append(\"<style>.dfd-heading-69f73dc006e30 .dfd-heading-module .widget-title {margin-bottom:20px;}.dfd-heading-69f73dc006e30.dfd-heading-module-wrap .dfd-heading-module .dfd-heading-delimiter {margin-top:10px;margin-bottom:10px;}<\/style>\");\n\t\t\t\t\t\t\t\t\t})(jQuery);\n\t\t\t\t\t\t\t\t<\/script><\/div>[vc_column_text css=&#8221;&#8221;]<\/p>\r\n<p>Mediante este Aviso legal SAN JUAN BAUTISTA IKASTETXEA cumple con las disposiciones establecidas en la Ley 34\/2002, de 11 de julio, de Servicios de la Sociedad de la informaci\u00f3n y Comercio Electr\u00f3nico, y a tal fin facilita los siguientes datos identificativos.<br \/>RAZON SOCIAL: SAN JUAN BAUTISTA IKASTETXEA.<br \/>DOMICILIO: c\/ San Juan n\u00ba 42, 48550 Muskiz, Bizkaia.<br \/>CIF: R4800608D.<\/p>\r\n<h3 class=\"wp-block-heading\">Protecci\u00f3n de datos de car\u00e1cter personal<\/h3>\r\n<p class=\"wp-block-heading\">Los datos de car\u00e1cter personal recogidos a trav\u00e9s de esta p\u00e1gina de Internet ser\u00e1n tratados de acuerdo con lo establecido en la normativa vigente de protecci\u00f3n de datos de car\u00e1cter personal (Reglamento General de Protecci\u00f3n de Datos Personales, UE 2016\/679, de 27 de abril de 2016).<br \/>En tal sentido, le informamos que los datos que nos facilite a trav\u00e9s de esta p\u00e1gina ser\u00e1n incorporados a un registro de tratamiento automatizado del que es responsable SAN JUAN BAUTISTA IKASTETXEA, con la finalidad de gestionar sus solicitudes de informaci\u00f3n, hacerle llegar nuestra oferta acad\u00e9mica e informarles de las actividades que organizamos.<br \/>Puede ampliar informaci\u00f3n sobre nuestra pol\u00edtica de protecci\u00f3n de datos en esta misma p\u00e1gina en el enlace correspondiente.<\/p>\r\n<h3 class=\"wp-block-heading\">Medidas de Seguridad<\/h3>\r\n<p>SAN JUAN BAUTISTA IKASTETXEA le informa que tiene implantadas las medidas de seguridad de \u00edndole t\u00e9cnica y organizativas necesarias para garantizar la seguridad e integridad de los datos personales que se tratan en la organizaci\u00f3n y evitar su alteraci\u00f3n, p\u00e9rdida y tratamiento y\/o acceso no autorizado, habida cuenta del estado de la tecnolog\u00eda, la naturaleza de los datos almacenados y los riesgos a que est\u00e1n expuestos.<br \/>Todo ello, de conformidad con lo previsto en la normativa vigente de protecci\u00f3n de datos de car\u00e1cter personal (Reglamento General de Protecci\u00f3n de Datos Personales, UE 2016\/679, de 27 de abril de 2016).<\/p>\r\n<h3 class=\"wp-block-heading\">Propiedad Intelectual<\/h3>\r\n<p>SAN JUAN BAUTISTA IKASTETXEA es el titular de los elementos que integran esta p\u00e1gina Web: c\u00f3digo fuente, estructura de navegaci\u00f3n, base de datos, contenido y dise\u00f1o gr\u00e1fico (men\u00fas, botones de navegaci\u00f3n, los textos, im\u00e1genes, texturas, gr\u00e1ficos, etc.) o, en cualquier caso, dispone de la correspondiente autorizaci\u00f3n para la utilizaci\u00f3n de dichos elementos.<\/p>\r\n<h3 class=\"kt-adv-heading_d00dcc-6a wp-block-kadence-advancedheading\" data-kb-block=\"kb-adv-heading_d00dcc-6a\">Contenidos<\/h3>\r\n<p>SAN JUAN BAUTISTA IKASTETXEA se reserva el derecho de efectuar sin previo aviso las modificaciones que considere oportunas en el sitio Web, pudiendo cambiar, suprimir o a\u00f1adir tanto los contenidos y servicios que presta como la forma en la que \u00e9stos aparezcan presentados o localizados.<br \/>La persona usuaria se compromete a hacer un uso adecuado de los contenidos y servicios que SAN JUAN BAUTISTA IKASTETXEA ofrece, y a no emplearlos para incurrir en actividades il\u00edcitas o contrarias a la buena fe y al ordenamiento legal, y a no provocar da\u00f1os en los sistemas f\u00edsicos y l\u00f3gicos de SAN JUAN BAUTISTA IKASTETXEA, de sus proveedores o de terceras personas, introducir o difundir en la red virus inform\u00e1ticos o cualesquiera otros sistemas f\u00edsicos o l\u00f3gicos que sean susceptibles de provocar los da\u00f1os anteriormente expuestos.<\/p>\r\n<h3 class=\"wp-block-heading\">Contenido de la web y enlaces<\/h3>\r\n<p>En SAN JUAN BAUTISTA IKASTETXEA no nos responsabilizamos del mal uso que se realice de los contenidos de nuestra p\u00e1gina Web, siendo exclusiva responsabilidad de la persona que accede a ellos o los utiliza. Tampoco asumimos ninguna responsabilidad por la informaci\u00f3n contenidas en las p\u00e1ginas Web de terceros a las que pueda acceder por enlaces o buscadores desde este sitio Web.<\/p>\r\n<h3 class=\"wp-block-heading\">Actualizaci\u00f3n y modificaci\u00f3n de la p\u00e1gina Web<\/h3>\r\n<p>SAN JUAN BAUTISTA IKASTETXEA se reserva el derecho a modificar o eliminar, sin previo aviso, tanto la informaci\u00f3n contenida en su sitio Web como su configuraci\u00f3n y presentaci\u00f3n, sin asumir responsabilidad alguna por ello.<\/p>\r\n<h3 class=\"wp-block-heading\">Indicaciones sobre aspectos t\u00e9cnicos<\/h3>\r\n<p>SAN JUAN BAUTISTA IKASTETXEA no asume ninguna responsabilidad que se pueda derivar de problemas t\u00e9cnicos o fallos en los equipos inform\u00e1ticos que se produzcan durante la conexi\u00f3n a la red de Internet, as\u00ed como de da\u00f1os que pudieran ser causados por terceras personas mediante intromisiones ileg\u00edtimas fuera del control de SAN JUAN BAUTISTA IKASTETXEA. Tambi\u00e9n quedamos exonerados de toda responsabilidad ante posibles da\u00f1os o perjuicios que pueda sufrir el usuario a consecuencia de errores, defectos u omisiones en la informaci\u00f3n que facilitemos cuando proceda de fuentes ajenas a nosotros.<\/p>\r\n<p>[\/vc_column_text][\/vc_column][\/vc_row]<\/p><\/div>","protected":false},"excerpt":{"rendered":"<p>[vc_row][vc_column][vc_column_text css=&#8221;&#8221;] Mediante este Aviso legal SAN JUAN BAUTISTA IKASTETXEA cumple con las disposiciones establecidas en la Ley 34\/2002, de 11 de julio, de Servicios de la Sociedad de la<\/p>\n","protected":false},"author":1,"featured_media":0,"parent":0,"menu_order":0,"comment_status":"closed","ping_status":"open","template":"","meta":{"footnotes":""},"class_list":["post-643","page","type-page","status-publish","hentry"],"_links":{"self":[{"href":"https:\/\/www.sanjuanikastetxea.eus\/eu\/wp-json\/wp\/v2\/pages\/643","targetHints":{"allow":["GET"]}}],"collection":[{"href":"https:\/\/www.sanjuanikastetxea.eus\/eu\/wp-json\/wp\/v2\/pages"}],"about":[{"href":"https:\/\/www.sanjuanikastetxea.eus\/eu\/wp-json\/wp\/v2\/types\/page"}],"author":[{"embeddable":true,"href":"https:\/\/www.sanjuanikastetxea.eus\/eu\/wp-json\/wp\/v2\/users\/1"}],"replies":[{"embeddable":true,"href":"https:\/\/www.sanjuanikastetxea.eus\/eu\/wp-json\/wp\/v2\/comments?post=643"}],"version-history":[{"count":1,"href":"https:\/\/www.sanjuanikastetxea.eus\/eu\/wp-json\/wp\/v2\/pages\/643\/revisions"}],"predecessor-version":[{"id":644,"href":"https:\/\/www.sanjuanikastetxea.eus\/eu\/wp-json\/wp\/v2\/pages\/643\/revisions\/644"}],"wp:attachment":[{"href":"https:\/\/www.sanjuanikastetxea.eus\/eu\/wp-json\/wp\/v2\/media?parent=643"}],"curies":[{"name":"wp","href":"https:\/\/api.w.org\/{rel}","templated":true}]}}